{"id":13,"date":"2015-02-05T10:20:33","date_gmt":"2015-02-05T09:20:33","guid":{"rendered":"http:\/\/demo.wpcharming.com\/construction\/?page_id=13"},"modified":"2025-07-25T03:15:41","modified_gmt":"2025-07-25T01:15:41","slug":"home","status":"publish","type":"page","link":"https:\/\/auswanderung.es\/","title":{"rendered":"Home"},"content":{"rendered":"<div class=\"wpb-content-wrapper\"><p>[vc_row row_type=&#8221;row_fullwidth_content&#8221; margin_top=&#8221;-80&#8243; margin_bottom=&#8221;-45&#8243; padding_bottom=&#8221;0&#8243; class=&#8221;fit-screen&#8221;][vc_column][rev_slider_vc alias=&#8221;homefullscreen&#8221;][\/vc_column][\/vc_row][vc_row row_type=&#8221;row_full_center_content&#8221; margin_top=&#8221;20&#8243; padding_bottom=&#8221;0&#8243; class=&#8221;mobile-no-margin-top inverted-row&#8221;][vc_column width=&#8221;1\/3&#8243;]\n\t<div class=\"wpb_content_element featured-box \" >\n\t\t\t<div class=\"featured-box-content\"><h4>Die Auswanderung<\/h4>\n\t\t\t\t\t<div class=\"featured-box-desc\"><p>Mit meiner Erfahrung wird Ihre Auswanderung ein Erfolg.<\/p>\n\t\t\t\t\t<\/div>\n\t\t\t<\/div>\n\t<\/div>[\/vc_column][vc_column width=&#8221;1\/3&#8243;][\/vc_column][vc_column width=&#8221;1\/3&#8243;][\/vc_column][\/vc_row][vc_row row_type=&#8221;row_full_center_content&#8221; padding_top=&#8221;50&#8243; padding_bottom=&#8221;50&#8243;][vc_column]\n\t<div class=\"custom-heading wpb_content_element \">\n\t\t<h2 class=\"heading-title\" >Meine Leistungen<\/h2>\n\t\t<span class=\"heading-line primary\"><\/span>\n\t<\/div>[vc_row_inner][vc_column_inner width=&#8221;1\/3&#8243;]\n\t<div class=\"iconbox-wrapper  text-center\">\n\t\t<div class=\"iconbox-icon\">\n\t\t\t\t<i class=\"fa-solid fa-comments secondary\" style=\"font-size:70px;\"><\/i>\n\t\t<\/div>\n\t\t<h4 class=\"iconbox-heading\">\n\t\t\t\t<a href=\"#\">Spanisch f\u00fcr Auswanderer<\/a>\n\t\t<\/h4>\n\t\t\t<div class=\"iconbox-desc\">\n\t\t\t\t<p>Lernen Sie Spanisch (Castellano) bequem von zu Hause aus und fangen Sie bereits VOR Ihrer Auswanderung damit an.<br \/>\nSiehe Spanisch f\u00fcr Auswanderer<\/p>\n\t\t\t<\/div>\n\t<\/div>[\/vc_column_inner][vc_column_inner width=&#8221;1\/3&#8243;]\n\t<div class=\"iconbox-wrapper  text-center\">\n\t\t<div class=\"iconbox-icon\">\n\t\t\t\t<i class=\"fa-solid fa-check-square secondary\" style=\"font-size:70px;\"><\/i>\n\t\t<\/div>\n\t\t<h4 class=\"iconbox-heading\">Beantragung der N.I.E. Nummer und der Residencia\n\t\t<\/h4>\n\t\t\t<div class=\"iconbox-desc\">\n\t\t\t\t<p>Die N.I.E. Nummer (Identit\u00e4tsnummer f\u00fcr Ausl\u00e4nder) ist der erste Schritt f\u00fcr jeden, der auf Mallorca leben und arbeiten m\u00f6chte.<\/p>\n<p>Ich unterst\u00fctze Sie bei der Beantragung der N.I.E. Nummer und der Residencia.<\/p>\n<p>Beantragung der N.I.E. Nummer auch mit notarieller Vollmacht m\u00f6glich.<\/p>\n<p>Infos unter dk@auswanderung.es oder per WhatsApp +34 634 340 560<\/p>\n\t\t\t<\/div>\n\t<\/div>[\/vc_column_inner][vc_column_inner width=&#8221;1\/3&#8243;]\n\t<div class=\"iconbox-wrapper  text-center\">\n\t\t<div class=\"iconbox-icon\">\n\t\t\t\t<i class=\"fa-solid fa-book secondary\" style=\"font-size:70px;\"><\/i>\n\t\t<\/div>\n\t\t<h4 class=\"iconbox-heading\">Mein E-Book\n\t\t<\/h4>\n\t\t\t<div class=\"iconbox-desc\">\n\t\t\t\t<p>Icon box description<\/p>\n\t\t\t<\/div>\n\t<\/div>[\/vc_column_inner][\/vc_row_inner][\/vc_column][\/vc_row][vc_row row_type=&#8221;row_full_center_content&#8221;][vc_column]\n\t<div class=\"custom-heading wpb_content_element \">\n\t\t<h2 class=\"heading-title\" >Mein Auswanderungs E-Book<\/h2>\n\t\t<span class=\"heading-line primary\"><\/span>\n\t<\/div>[vc_column_text]<\/p>\n<h3><strong>Auswandern nach Mallorca &#8211; Anregungen, Tipps und wahre Mallorca-Geschichten<\/strong><\/h3>\n<p>Dieses E-Book soll allen helfen, die sich mit dem Thema <strong>Auswandern nach Mallorca<\/strong> besch\u00e4ftigen.<\/p>\n<p>Viele Menschen stellen sich die Frage:<\/p>\n<p>Ergibt es \u00fcberhaupt Sinn, auszuwandern?<\/p>\n<p>Bin ich daf\u00fcr ger\u00fcstet?<\/p>\n<p>Habe ich alles bedacht oder brauche ich weitere Informationen?<\/p>\n<p>Wie gehe ich meine Auswanderung am besten an?<\/p>\n<p>Antworten hierzu finden Sie in diesem E-Book.[\/vc_column_text][\/vc_column][\/vc_row][vc_row row_type=&#8221;row_full_center_content&#8221;][vc_column width=&#8221;1\/4&#8243;][\/vc_column][vc_column width=&#8221;1\/2&#8243;][vc_column_text]<\/p>\n<p style=\"text-align: center;\">Besuchen Sie auch meine Facebook Gruppe <strong><a href=\"https:\/\/www.facebook.com\/groups\/Auswandertipps\/?fref=ts\">&#8220;Auswandern nach Mallorca (Anregungen und Tipps von Auswanderern)&#8221;.<\/a><\/strong><\/p>\n<p style=\"text-align: center;\">Bei unseren monatlichen Treffs auf Mallorca treffen sich Residenten und Auswanderungswillige.<\/p>\n<p>[\/vc_column_text][\/vc_column][vc_column width=&#8221;1\/4&#8243;][\/vc_column][\/vc_row][vc_row][vc_column width=&#8221;1\/3&#8243;][vc_single_image image=&#8221;1007&#8243; img_size=&#8221;300&#215;300&#8243; alignment=&#8221;center&#8221; onclick=&#8221;custom_link&#8221; img_link_target=&#8221;_blank&#8221; link=&#8221;https:\/\/www.facebook.com\/groups\/Auswandertipps\/?fref=ts&#8221;][\/vc_column][vc_column width=&#8221;1\/3&#8243;][vc_single_image image=&#8221;1045&#8243; img_size=&#8221;228&#215;228&#8243; alignment=&#8221;center&#8221; onclick=&#8221;custom_link&#8221; img_link_target=&#8221;_blank&#8221; css=&#8221;.vc_custom_1530616946837{margin-top: 30px !important;}&#8221; link=&#8221;https:\/\/www.youtube.com\/channel\/UCX30U4mbKzfYbdFa8AKvJdA&#8221;][\/vc_column][vc_column width=&#8221;1\/3&#8243; css=&#8221;.vc_custom_1465979055045{padding-top: 24px !important;}&#8221;][vc_single_image image=&#8221;1831&#8243; img_size=&#8221;234&#215;228&#8243; alignment=&#8221;center&#8221; onclick=&#8221;custom_link&#8221; img_link_target=&#8221;_blank&#8221; css=&#8221;.vc_custom_1530616990366{margin-top: 5px !important;}&#8221; link=&#8221;https:\/\/www.instagram.com\/doris_kirch_mallorca\/&#8221;][\/vc_column][\/vc_row][vc_row][vc_column][vc_column_text]<\/p>\n<div style=\"position: absolute; left: -6857px;\"><a href=\"https:\/\/chiefessays.net\/\">proofread online<\/a><\/div>\n<p>[\/vc_column_text][\/vc_column][\/vc_row]<\/p>\n<\/div>","protected":false},"excerpt":{"rendered":"<p>[vc_row row_type=&#8221;row_fullwidth_content&#8221; margin_top=&#8221;-80&#8243; margin_bottom=&#8221;-45&#8243; padding_bottom=&#8221;0&#8243; class=&#8221;fit-screen&#8221;][vc_column][rev_slider_vc alias=&#8221;homefullscreen&#8221;][\/vc_column][\/vc_row][vc_row row_type=&#8221;row_full_center_content&#8221; margin_top=&#8221;20&#8243; padding_bottom=&#8221;0&#8243; class=&#8221;mobile-no-margin-top inverted-row&#8221;][vc_column width=&#8221;1\/3&#8243;][\/vc_column][vc_column width=&#8221;1\/3&#8243;][\/vc_column][vc_column width=&#8221;1\/3&#8243;][\/vc_column][\/vc_row][vc_row row_type=&#8221;row_full_center_content&#8221; padding_top=&#8221;50&#8243; padding_bottom=&#8221;50&#8243;][vc_column][vc_row_inner][vc_column_inner width=&#8221;1\/3&#8243;][\/vc_column_inner][vc_column_inner width=&#8221;1\/3&#8243;][\/vc_column_inner][vc_column_inner width=&#8221;1\/3&#8243;][\/vc_column_inner][\/vc_row_inner][\/vc_column][\/vc_row][vc_row &#8230;<\/p>\n","protected":false},"author":1,"featured_media":0,"parent":0,"menu_order":0,"comment_status":"closed","ping_status":"closed","template":"","meta":{"footnotes":""},"class_list":["post-13","page","type-page","status-publish","hentry"],"yoast_head":"<!-- This site is optimized with the Yoast SEO plugin v25.5 - https:\/\/yoast.com\/wordpress\/plugins\/seo\/ -->\n<title>Auswandern nach Mallorca - Doris Kirch<\/title>\n<meta name=\"description\" content=\"Ihre Ansprechpartnerin in allen Fragen zum Thema Auswandern nach Mallorca und Begleitung auf Mallorca. Mit meiner Hife wird Ihre Auswanderung ein Erfolg.\" \/>\n<meta name=\"robots\" content=\"index, follow, max-snippet:-1, max-image-preview:large, max-video-preview:-1\" \/>\n<link rel=\"canonical\" href=\"https:\/\/auswanderung.es\/\" \/>\n<meta property=\"og:locale\" content=\"de_DE\" \/>\n<meta property=\"og:type\" content=\"article\" \/>\n<meta property=\"og:title\" content=\"Auswandern nach Mallorca - Doris Kirch\" \/>\n<meta property=\"og:description\" content=\"Ihre Ansprechpartnerin in allen Fragen zum Thema Auswandern nach Mallorca und Begleitung auf Mallorca. Mit meiner Hife wird Ihre Auswanderung ein Erfolg.\" \/>\n<meta property=\"og:url\" content=\"https:\/\/auswanderung.es\/\" \/>\n<meta property=\"og:site_name\" content=\"Auswandern nach Mallorca\" \/>\n<meta property=\"article:publisher\" content=\"https:\/\/www.facebook.com\/groups\/Auswandertipps\" \/>\n<meta property=\"article:modified_time\" content=\"2025-07-25T01:15:41+00:00\" \/>\n<meta name=\"twitter:card\" content=\"summary_large_image\" \/>\n<meta name=\"twitter:label1\" content=\"Gesch\u00e4tzte Lesezeit\" \/>\n\t<meta name=\"twitter:data1\" content=\"3\u00a0Minuten\" \/>\n<script type=\"application\/ld+json\" class=\"yoast-schema-graph\">{\"@context\":\"https:\/\/schema.org\",\"@graph\":[{\"@type\":\"WebPage\",\"@id\":\"https:\/\/auswanderung.es\/\",\"url\":\"https:\/\/auswanderung.es\/\",\"name\":\"Auswandern nach Mallorca - Doris Kirch\",\"isPartOf\":{\"@id\":\"https:\/\/auswanderung.es\/#website\"},\"datePublished\":\"2015-02-05T09:20:33+00:00\",\"dateModified\":\"2025-07-25T01:15:41+00:00\",\"description\":\"Ihre Ansprechpartnerin in allen Fragen zum Thema Auswandern nach Mallorca und Begleitung auf Mallorca. Mit meiner Hife wird Ihre Auswanderung ein Erfolg.\",\"breadcrumb\":{\"@id\":\"https:\/\/auswanderung.es\/#breadcrumb\"},\"inLanguage\":\"de\",\"potentialAction\":[{\"@type\":\"ReadAction\",\"target\":[\"https:\/\/auswanderung.es\/\"]}]},{\"@type\":\"BreadcrumbList\",\"@id\":\"https:\/\/auswanderung.es\/#breadcrumb\",\"itemListElement\":[{\"@type\":\"ListItem\",\"position\":1,\"name\":\"Startseite\",\"item\":\"https:\/\/auswanderung.es\/\"},{\"@type\":\"ListItem\",\"position\":2,\"name\":\"Home\"}]},{\"@type\":\"WebSite\",\"@id\":\"https:\/\/auswanderung.es\/#website\",\"url\":\"https:\/\/auswanderung.es\/\",\"name\":\"Auswandern nach Mallorca\",\"description\":\"\",\"publisher\":{\"@id\":\"https:\/\/auswanderung.es\/#organization\"},\"potentialAction\":[{\"@type\":\"SearchAction\",\"target\":{\"@type\":\"EntryPoint\",\"urlTemplate\":\"https:\/\/auswanderung.es\/?s={search_term_string}\"},\"query-input\":{\"@type\":\"PropertyValueSpecification\",\"valueRequired\":true,\"valueName\":\"search_term_string\"}}],\"inLanguage\":\"de\"},{\"@type\":\"Organization\",\"@id\":\"https:\/\/auswanderung.es\/#organization\",\"name\":\"Auswandern nach Mallorca\",\"url\":\"https:\/\/auswanderung.es\/\",\"logo\":{\"@type\":\"ImageObject\",\"inLanguage\":\"de\",\"@id\":\"https:\/\/auswanderung.es\/#\/schema\/logo\/image\/\",\"url\":\"https:\/\/auswanderung.es\/wp-content\/uploads\/2016\/06\/Logo-dkmas-2.png\",\"contentUrl\":\"https:\/\/auswanderung.es\/wp-content\/uploads\/2016\/06\/Logo-dkmas-2.png\",\"width\":225,\"height\":25,\"caption\":\"Auswandern nach Mallorca\"},\"image\":{\"@id\":\"https:\/\/auswanderung.es\/#\/schema\/logo\/image\/\"},\"sameAs\":[\"https:\/\/www.facebook.com\/groups\/Auswandertipps\"]}]}<\/script>\n<!-- \/ Yoast SEO plugin. -->","yoast_head_json":{"title":"Auswandern nach Mallorca - Doris Kirch","description":"Ihre Ansprechpartnerin in allen Fragen zum Thema Auswandern nach Mallorca und Begleitung auf Mallorca. Mit meiner Hife wird Ihre Auswanderung ein Erfolg.","robots":{"index":"index","follow":"follow","max-snippet":"max-snippet:-1","max-image-preview":"max-image-preview:large","max-video-preview":"max-video-preview:-1"},"canonical":"https:\/\/auswanderung.es\/","og_locale":"de_DE","og_type":"article","og_title":"Auswandern nach Mallorca - Doris Kirch","og_description":"Ihre Ansprechpartnerin in allen Fragen zum Thema Auswandern nach Mallorca und Begleitung auf Mallorca. Mit meiner Hife wird Ihre Auswanderung ein Erfolg.","og_url":"https:\/\/auswanderung.es\/","og_site_name":"Auswandern nach Mallorca","article_publisher":"https:\/\/www.facebook.com\/groups\/Auswandertipps","article_modified_time":"2025-07-25T01:15:41+00:00","twitter_card":"summary_large_image","twitter_misc":{"Gesch\u00e4tzte Lesezeit":"3\u00a0Minuten"},"schema":{"@context":"https:\/\/schema.org","@graph":[{"@type":"WebPage","@id":"https:\/\/auswanderung.es\/","url":"https:\/\/auswanderung.es\/","name":"Auswandern nach Mallorca - Doris Kirch","isPartOf":{"@id":"https:\/\/auswanderung.es\/#website"},"datePublished":"2015-02-05T09:20:33+00:00","dateModified":"2025-07-25T01:15:41+00:00","description":"Ihre Ansprechpartnerin in allen Fragen zum Thema Auswandern nach Mallorca und Begleitung auf Mallorca. Mit meiner Hife wird Ihre Auswanderung ein Erfolg.","breadcrumb":{"@id":"https:\/\/auswanderung.es\/#breadcrumb"},"inLanguage":"de","potentialAction":[{"@type":"ReadAction","target":["https:\/\/auswanderung.es\/"]}]},{"@type":"BreadcrumbList","@id":"https:\/\/auswanderung.es\/#breadcrumb","itemListElement":[{"@type":"ListItem","position":1,"name":"Startseite","item":"https:\/\/auswanderung.es\/"},{"@type":"ListItem","position":2,"name":"Home"}]},{"@type":"WebSite","@id":"https:\/\/auswanderung.es\/#website","url":"https:\/\/auswanderung.es\/","name":"Auswandern nach Mallorca","description":"","publisher":{"@id":"https:\/\/auswanderung.es\/#organization"},"potentialAction":[{"@type":"SearchAction","target":{"@type":"EntryPoint","urlTemplate":"https:\/\/auswanderung.es\/?s={search_term_string}"},"query-input":{"@type":"PropertyValueSpecification","valueRequired":true,"valueName":"search_term_string"}}],"inLanguage":"de"},{"@type":"Organization","@id":"https:\/\/auswanderung.es\/#organization","name":"Auswandern nach Mallorca","url":"https:\/\/auswanderung.es\/","logo":{"@type":"ImageObject","inLanguage":"de","@id":"https:\/\/auswanderung.es\/#\/schema\/logo\/image\/","url":"https:\/\/auswanderung.es\/wp-content\/uploads\/2016\/06\/Logo-dkmas-2.png","contentUrl":"https:\/\/auswanderung.es\/wp-content\/uploads\/2016\/06\/Logo-dkmas-2.png","width":225,"height":25,"caption":"Auswandern nach Mallorca"},"image":{"@id":"https:\/\/auswanderung.es\/#\/schema\/logo\/image\/"},"sameAs":["https:\/\/www.facebook.com\/groups\/Auswandertipps"]}]}},"_links":{"self":[{"href":"https:\/\/auswanderung.es\/index.php\/wp-json\/wp\/v2\/pages\/13","targetHints":{"allow":["GET"]}}],"collection":[{"href":"https:\/\/auswanderung.es\/index.php\/wp-json\/wp\/v2\/pages"}],"about":[{"href":"https:\/\/auswanderung.es\/index.php\/wp-json\/wp\/v2\/types\/page"}],"author":[{"embeddable":true,"href":"https:\/\/auswanderung.es\/index.php\/wp-json\/wp\/v2\/users\/1"}],"replies":[{"embeddable":true,"href":"https:\/\/auswanderung.es\/index.php\/wp-json\/wp\/v2\/comments?post=13"}],"version-history":[{"count":61,"href":"https:\/\/auswanderung.es\/index.php\/wp-json\/wp\/v2\/pages\/13\/revisions"}],"predecessor-version":[{"id":2696,"href":"https:\/\/auswanderung.es\/index.php\/wp-json\/wp\/v2\/pages\/13\/revisions\/2696"}],"wp:attachment":[{"href":"https:\/\/auswanderung.es\/index.php\/wp-json\/wp\/v2\/media?parent=13"}],"curies":[{"name":"wp","href":"https:\/\/api.w.org\/{rel}","templated":true}]}}